{"id":544,"date":"2025-09-05T16:27:45","date_gmt":"2025-09-05T09:27:45","guid":{"rendered":"https:\/\/palika-sun-house.com\/jetzt-buchen\/"},"modified":"2025-09-07T20:39:35","modified_gmt":"2025-09-07T13:39:35","slug":"jetzt-buchen","status":"publish","type":"page","link":"https:\/\/palika-sun-house.com\/de\/jetzt-buchen\/","title":{"rendered":"Jetzt Buchen"},"content":{"rendered":"<section class=\"l-section wpb_row us_custom_8fa2d62f height_huge\"><div class=\"l-section-h i-cf\"><div class=\"g-cols vc_row via_flex valign_top type_default stacking_default\"><div class=\"vc_col-sm-12 wpb_column vc_column_container\"><div class=\"vc_column-inner\"><div class=\"wpb_wrapper\"><h1 class=\"w-text typography__h1 text--white\"><span class=\"w-text-h\"><span class=\"w-text-value\">Buchen Sie Ihren Aufenthalt im Palika Sun House<\/span><\/span><\/h1><div class=\"wpb_text_column us_custom_2762f9a4\"><div class=\"wpb_wrapper\"><p><span class=\"sub-title-text\">Wir vom Palika Sun House freuen uns darauf, Sie nur wenige Schritte vom goldenen Sandstrand von Mae Nam Beach entfernt begr\u00fc\u00dfen zu d\u00fcrfen. Verwenden Sie das untenstehende Buchungsformular, um die Verf\u00fcgbarkeit zu pr\u00fcfen und Ihr Zimmer schnell und sicher zu reservieren. Wenn Sie direkt bei uns buchen, erhalten Sie immer die besten Preise und einen pers\u00f6nlichen Service.<\/span><\/p>\n<\/div><\/div><\/div><\/div><\/div><\/div><\/div><\/section><section class=\"l-section wpb_row us_custom_47b068d3 bg--beige height_small\"><div class=\"l-section-h i-cf\"><div class=\"g-cols vc_row via_flex valign_middle type_default stacking_default\"><div class=\"vc_col-sm-12 wpb_column vc_column_container\"><div class=\"vc_column-inner\"><div class=\"wpb_wrapper\"><div class=\"w-html us_custom_33b9ee00\"><\/div><\/div><\/div><\/div><\/div><\/div><\/section><section class=\"l-section wpb_row us_custom_163931e0 height_medium\"><div class=\"l-section-h i-cf\"><div class=\"g-cols vc_row via_flex valign_top type_default stacking_default\"><div class=\"vc_col-sm-12 wpb_column vc_column_container\"><div class=\"vc_column-inner\"><div class=\"wpb_wrapper\"><div class=\"w-vwrapper booking-highlights align_none valign_top\"><h3 class=\"w-text booking-highlights-title\"><span class=\"w-text-h\"><span class=\"w-text-value\">Warum direkt buchen?<\/span><\/span><\/h3><div class=\"wpb_text_column\"><div class=\"wpb_wrapper\"><ul class=\"booking-highlights-list\">\n<li><i class=\"fas fa-check-square\"><\/i> Garantiert bester verf\u00fcgbarer Preis<\/li>\n<li><i class=\"fas fa-check-square\"><\/i> Gem\u00fctliche Zimmer mit modernem Komfort<\/li>\n<li><i class=\"fas fa-check-square\"><\/i> Flexible Buchung mit pers\u00f6nlicher Betreuung<\/li>\n<\/ul>\n<\/div><\/div><div class=\"wpb_text_column booking-highlights-text\"><div class=\"wpb_wrapper\"><p>Haben Sie vor der Buchung noch Fragen? Kontaktieren Sie uns einfach per Telefon, E-Mail oder \u00fcber unsere Kontaktseite \u2013 wir helfen Ihnen gerne weiter und gestalten Ihren Aufenthalt auf Koh Samui so reibungslos und angenehm wie m\u00f6glich.<\/p>\n<\/div><\/div><\/div><\/div><\/div><\/div><\/div><\/div><\/section>\n","protected":false},"excerpt":{"rendered":"Buchen Sie Ihren Aufenthalt im Palika Sun HouseWir vom Palika Sun House freuen uns darauf, Sie nur wenige Schritte vom goldenen Sandstrand von Mae Nam Beach entfernt begr\u00fc\u00dfen zu d\u00fcrfen. Verwenden Sie das untenstehende Buchungsformular, um die Verf\u00fcgbarkeit zu pr\u00fcfen und Ihr Zimmer schnell und sicher zu reservieren. Wenn Sie direkt bei uns buchen, erhalten...","protected":false},"author":1,"featured_media":543,"parent":0,"menu_order":0,"comment_status":"closed","ping_status":"closed","template":"","meta":{"_acf_changed":false,"_seopress_robots_primary_cat":"","_seopress_titles_title":"Buchen Sie Ihren Aufenthalt im Palika Sun House Koh Samui","_seopress_titles_desc":"Reservieren Sie Ihr Zimmer im Palika Sun House in Mae Nam, Koh Samui. Buchen Sie direkt, um die besten Preise, gem\u00fctlichen Komfort und freundlichen pers\u00f6nlichen Service zu erhalten.","_seopress_robots_index":"","footnotes":""},"class_list":["post-544","page","type-page","status-publish","has-post-thumbnail","hentry"],"acf":[],"_links":{"self":[{"href":"https:\/\/palika-sun-house.com\/de\/wp-json\/wp\/v2\/pages\/544","targetHints":{"allow":["GET"]}}],"collection":[{"href":"https:\/\/palika-sun-house.com\/de\/wp-json\/wp\/v2\/pages"}],"about":[{"href":"https:\/\/palika-sun-house.com\/de\/wp-json\/wp\/v2\/types\/page"}],"author":[{"embeddable":true,"href":"https:\/\/palika-sun-house.com\/de\/wp-json\/wp\/v2\/users\/1"}],"replies":[{"embeddable":true,"href":"https:\/\/palika-sun-house.com\/de\/wp-json\/wp\/v2\/comments?post=544"}],"version-history":[{"count":2,"href":"https:\/\/palika-sun-house.com\/de\/wp-json\/wp\/v2\/pages\/544\/revisions"}],"predecessor-version":[{"id":546,"href":"https:\/\/palika-sun-house.com\/de\/wp-json\/wp\/v2\/pages\/544\/revisions\/546"}],"wp:featuredmedia":[{"embeddable":true,"href":"https:\/\/palika-sun-house.com\/de\/wp-json\/wp\/v2\/media\/543"}],"wp:attachment":[{"href":"https:\/\/palika-sun-house.com\/de\/wp-json\/wp\/v2\/media?parent=544"}],"curies":[{"name":"wp","href":"https:\/\/api.w.org\/{rel}","templated":true}]}}